{"id":19355,"date":"2022-03-10T14:21:18","date_gmt":"2022-03-10T14:21:18","guid":{"rendered":"https:\/\/www.challenge-family.com\/almere\/?page_id=19355"},"modified":"2025-12-01T15:18:36","modified_gmt":"2025-12-01T15:18:36","slug":"tritogether-middle-distance-relay","status":"publish","type":"page","link":"https:\/\/challenge-almere.com\/nl\/races\/tritogether-middle-distance-relay\/","title":{"rendered":"TriTogether Middle Distance Relay"},"content":{"rendered":"<div class=\"wpb-content-wrapper\">[vc_row el_class=&#8221;time-schedule&#8221;][vc_column][vc_column_text css=&#8221;.vc_custom_1758008335754{margin-bottom: 0px !important;}&#8221;]Dit is jullie Challenge! Zwem 1.9 kilometer, fiets 94 kilometer en loop 21.1 kilometer door het open en vlakke landschap rondom Almere en de Flevolandse polder. De Middle Distance: op 12 september 2026 gaat het los!<\/p>\n<p>Ieder teamlid doet \u00e9\u00e9n onderdeel van de Middle Distance Triathlon: er is dus \u00e9\u00e9n zwemmer, \u00e9\u00e9n fietser en \u00e9\u00e9n loper. Je finisht als team in het kolkende stadion van Challenge Almere-Amsterdam.<\/p>\n<p>&nbsp;<\/p>\n<blockquote><p><strong><em>8.7 was the average score the atletes gave to Challenge Almere-Amsterdam!<\/em><\/strong><\/p><\/blockquote>\n[\/vc_column_text][\/vc_column][\/vc_row][vc_row][vc_column width=&#8221;1\/3&#8243;][\/vc_column][vc_column width=&#8221;1\/3&#8243;][vc_raw_html css=&#8221;&#8221;]JTVCd3Bjb2RlJTIwaWQlM0QlMjIyMzIwMSUyMiU1RA==[\/vc_raw_html][\/vc_column][vc_column width=&#8221;1\/3&#8243;][\/vc_column][\/vc_row][vc_row el_class=&#8221;time-schedule&#8221;][vc_column][\/vc_column][mk_fancy_title color=&#8221;#393939&#8243; size=&#8221;25&#8243; font_weight=&#8221;bold&#8221; txt_transform=&#8221;uppercase&#8221; font_family=&#8221;none&#8221; align=&#8221;center&#8221;]Middle Distance[\/mk_fancy_title][mk_divider style=&#8221;thick_solid&#8221; divider_width=&#8221;custom_width&#8221; custom_width=&#8221;40&#8243; border_color=&#8221;#e2001a&#8221; margin_top=&#8221;10&#8243; margin_bottom=&#8221;35&#8243;][vc_row_inner][vc_column_inner width=&#8221;1\/2&#8243; css=&#8221;.vc_custom_1415529579939{margin-bottom: 40px !important;}&#8221;][mk_fancy_title color=&#8221;#e2001a&#8221; size=&#8221;24&#8243; margin_bottom=&#8221;5&#8243; font_family=&#8221;none&#8221;]Quintana Roo zwemparcours[\/mk_fancy_title][mk_fancy_title tag_name=&#8221;h4&#8243; size=&#8221;16&#8243; font_weight=&#8221;bold&#8221; txt_transform=&#8221;none&#8221; font_family=&#8221;none&#8221;]1 ronde van 1,9km[\/mk_fancy_title][vc_column_text css=&#8221;.vc_custom_1689602069529{margin-bottom: 0px !important;}&#8221;]<em><strong>CHALLENGE<\/strong>ALMERE-AMSTERDAM start met een zwemronde van 1.9 kilometer. Het zwemmen vindt plaats in het Weerwater; de start is naast het theater op de Esplanade (Almere-Stad). Je zwemt tegen de klok in. De eerste wissel, van het zwemmen naar het fietsen, vindt plaats in het Lumierepark<\/em><\/p>\n<blockquote><p><strong><em>94% of the participants think the swim course is (very) good!\u00a0<\/em><\/strong><\/p><\/blockquote>\n[\/vc_column_text][\/vc_column_inner][vc_column_inner width=&#8221;1\/2&#8243; css=&#8221;.vc_custom_1415529567907{margin-bottom: 40px !important;}&#8221;][mk_image src=&#8221;https:\/\/challenge-almere.com\/wp-content\/uploads\/sites\/52\/2025\/02\/swim-long-distance-1.jpg&#8221; image_size=&#8221;full&#8221; lightbox=&#8221;true&#8221; group=&#8221;_general&#8221;][vc_empty_space][vc_column_text css=&#8221;.vc_custom_1764602153934{margin-bottom: 0px !important;}&#8221;]Wil jij op een veilige manier trainen en goed zichtbaar zijn tijdens jouw zwemtraining? In samenwerking met VITALIC hebben we deze zwemboei ontwikkelt.<\/p>\n<p><img loading=\"lazy\" decoding=\"async\" class=\"alignnone size-full wp-image-24489 aligncenter\" src=\"https:\/\/challenge-almere.com\/wp-content\/uploads\/sites\/52\/2025\/12\/zwemboei-kleinste.png\" alt=\"\" width=\"80\" height=\"86\" \/><\/p>\n<p>Meer informatie vind je hier:<br \/>\n<a href=\"https:\/\/vitalicsport.com\/products\/challenge-zwemboei-vitalic-copy\">https:\/\/vitalicsport.com\/products\/challenge-zwemboei-vitalic-copy<\/a>[\/vc_column_text][\/vc_column_inner][\/vc_row_inner][vc_row_inner][vc_column_inner][mk_divider style=&#8221;thin_solid&#8221; margin_top=&#8221;0&#8243; margin_bottom=&#8221;45&#8243;][\/vc_column_inner][\/vc_row_inner][vc_row_inner][vc_column_inner width=&#8221;1\/2&#8243; css=&#8221;.vc_custom_1415529585441{margin-bottom: 40px !important;}&#8221;][mk_image src=&#8221;https:\/\/challenge-almere.com\/wp-content\/uploads\/sites\/52\/2024\/08\/middlebike.png&#8221; image_size=&#8221;full&#8221; lightbox=&#8221;true&#8221; group=&#8221;_general&#8221;][\/vc_column_inner][vc_column_inner width=&#8221;1\/2&#8243; css=&#8221;.vc_custom_1415529590552{margin-bottom: 40px !important;}&#8221;][mk_fancy_title color=&#8221;#e2001a&#8221; size=&#8221;24&#8243; margin_bottom=&#8221;5&#8243; font_family=&#8221;none&#8221;]Fietsparcours[\/mk_fancy_title][mk_fancy_title tag_name=&#8221;h4&#8243; size=&#8221;16&#8243; font_weight=&#8221;bold&#8221; txt_transform=&#8221;none&#8221; font_family=&#8221;none&#8221;]1 ronde van 94km[\/mk_fancy_title][vc_column_text css=&#8221;.vc_custom_1689602142708{margin-bottom: 0px !important;}&#8221;]Net als het zwemonderdeel beslaat het fietsparcours van de Middle Distance bij Challenge Almere-Amsterdam ook \u00e9\u00e9n ronde. Eerst rijd je via prachtige fietspaden langs het Weerwater, door de bossen van Almere-Haven, richting de dijk. Eenmaal op de dijk, rij je al snel door de historische havenkom van Almere-Haven om vervolgens ongeveer 45 kilometer dijken richting Lelystad te rijden. Aan de linkerkant zie je constant water en zelfs de skyline van Amsterdam, terwijl je aan de rechterkant Almere ziet overgaan in de prachtige Oostvaardersplassen voordat je in Lelystad aankomt. Eenmaal in Lelystad sla je rechtsaf de polder in en rijd je via rechte wegen via Zeewolde terug naar Almere. Onderweg heb je gegarandeerd veel wind en je rijdt constant onder zeeniveau.<\/p>\n<p>Via Zeewolde kom je uiteindelijk weer terug op de dijk richting Almere. Terug in Almere-Haven kies je dezelfde weg terug richting Almere-Stad. Als je opnieuw bij het Weerwater aankomt, kun je het stadion al zien en horen en staat het publiek je alweer op te wachten. De tweede wisselzone bevindt zich ook in het Lumierepark<\/p>\n<blockquote><p><strong><em>90% of the participants think the bike course is (very) good!<\/em><\/strong><\/p><\/blockquote>\n<p>Download GPX-file of the Bike Course:(niet toegankelijk tijdens trainingen!) https:\/\/afstandmeten.nl\/index.php?id=3438914[\/vc_column_text][\/vc_column_inner][\/vc_row_inner][vc_row_inner][vc_column_inner][mk_divider style=&#8221;thin_solid&#8221; margin_top=&#8221;0&#8243; margin_bottom=&#8221;45&#8243;][\/vc_column_inner][\/vc_row_inner][vc_row_inner][vc_column_inner width=&#8221;1\/2&#8243; css=&#8221;.vc_custom_1415529579939{margin-bottom: 40px !important;}&#8221;][mk_fancy_title color=&#8221;#e2001a&#8221; size=&#8221;24&#8243; margin_bottom=&#8221;5&#8243; font_family=&#8221;none&#8221;]Loopparcours[\/mk_fancy_title][mk_fancy_title tag_name=&#8221;h4&#8243; size=&#8221;16&#8243; font_weight=&#8221;bold&#8221; txt_transform=&#8221;none&#8221; font_family=&#8221;none&#8221;]2 rondes van 10.1 km (plus aanloopstuk van 900 meter)[\/mk_fancy_title][vc_column_text css=&#8221;.vc_custom_1689602189652{margin-bottom: 0px !important;}&#8221;]Vanaf het Lumierepark begin je jouw halve marathon; eerst een aanloopstuk van 900 meter en dan twee rondes van 10.1 kilometer om het Weerwater. Je komt iedere ronde door het stadion, door het bruisende centrum van Almere-Stad, maar ook door het prachtig groene gebied van het Weerwater waar je eerder in zwom en waar je ook al met de fiets passeerde. Leuk weetje: het Weerwater was ooit zee, werd toen drooggelegd en daarna tot stadsmeer omgedoopt. Vandaar de naam \u2018Weerwater\u2019.<\/p>\n<blockquote><p><strong><em>94% of the participants say the run course is (very) good!\u00a0<\/em><\/strong><\/p><\/blockquote>\n<p>Download GPX-file of the run course (21,1km):\u00a0 https:\/\/afstandmeten.nl\/index.php?id=3344802[\/vc_column_text][\/vc_column_inner][vc_column_inner width=&#8221;1\/2&#8243; css=&#8221;.vc_custom_1415529567907{margin-bottom: 40px !important;}&#8221;][mk_image src=&#8221;https:\/\/challenge-almere.com\/wp-content\/uploads\/sites\/52\/2024\/08\/middlerun.png&#8221; image_width=&#8221;600&#8243; image_height=&#8221;370&#8243; lightbox=&#8221;true&#8221; group=&#8221;_general&#8221;][\/vc_column_inner][\/vc_row_inner][\/vc_row][vc_row el_class=&#8221;time-schedule&#8221;][vc_column][vc_video link=&#8221;https:\/\/www.youtube.com\/watch?v=y8AjSSGOtv4&#8243;][\/vc_column][\/vc_row][vc_row el_class=&#8221;time-schedule&#8221;][vc_column][vc_raw_html css=&#8221;&#8221;]JTVCd3Bjb2RlJTIwaWQlM0QlMjIyMzIwMSUyMiU1RA==[\/vc_raw_html][\/vc_column][\/vc_row]\n<\/div>","protected":false},"excerpt":{"rendered":"<p>[vc_row el_class=&#8221;time-schedule&#8221;][vc_column][vc_column_text css=&#8221;.vc_custom_1758008335754{margin-bottom: 0px !important;}&#8221;]Dit is jullie Challenge! Zwem 1.9 kilometer, fiets 94 kilometer en loop 21.1 kilometer door het open en vlakke landschap rondom Almere en de Flevolandse polder. De Middle Distance: op 12 september 2026 gaat het los! Ieder teamlid doet \u00e9\u00e9n onderdeel van de Middle Distance Triathlon: er is dus \u00e9\u00e9n zwemmer, [&hellip;]<\/p>\n","protected":false},"author":2,"featured_media":0,"parent":19339,"menu_order":0,"comment_status":"closed","ping_status":"closed","template":"","meta":{"footnotes":""},"class_list":["post-19355","page","type-page","status-publish","hentry"],"yoast_head":"<!-- This site is optimized with the Yoast SEO plugin v25.6 - https:\/\/yoast.com\/wordpress\/plugins\/seo\/ -->\n<title>TriTogether Middle Distance Relay - Challenge Almere-Amsterdam<\/title>\n<meta name=\"robots\" content=\"index, follow, max-snippet:-1, max-image-preview:large, max-video-preview:-1\" \/>\n<link rel=\"canonical\" href=\"https:\/\/challenge-almere.com\/nl\/races\/tritogether-middle-distance-relay\/\" \/>\n<meta property=\"og:locale\" content=\"nl_NL\" \/>\n<meta property=\"og:type\" content=\"article\" \/>\n<meta property=\"og:title\" content=\"TriTogether Middle Distance Relay - Challenge Almere-Amsterdam\" \/>\n<meta property=\"og:description\" content=\"[vc_row el_class=&#8221;time-schedule&#8221;][vc_column][vc_column_text css=&#8221;.vc_custom_1758008335754{margin-bottom: 0px !important;}&#8221;]Dit is jullie Challenge! Zwem 1.9 kilometer, fiets 94 kilometer en loop 21.1 kilometer door het open en vlakke landschap rondom Almere en de Flevolandse polder. De Middle Distance: op 12 september 2026 gaat het los! Ieder teamlid doet \u00e9\u00e9n onderdeel van de Middle Distance Triathlon: er is dus \u00e9\u00e9n zwemmer, [&hellip;]\" \/>\n<meta property=\"og:url\" content=\"https:\/\/challenge-almere.com\/nl\/races\/tritogether-middle-distance-relay\/\" \/>\n<meta property=\"og:site_name\" content=\"Challenge Almere-Amsterdam\" \/>\n<meta property=\"article:modified_time\" content=\"2025-12-01T15:18:36+00:00\" \/>\n<meta property=\"og:image\" content=\"https:\/\/challenge-almere.com\/wp-content\/uploads\/sites\/52\/2025\/12\/zwemboei-kleinste.png\" \/>\n<meta name=\"twitter:card\" content=\"summary_large_image\" \/>\n<meta name=\"twitter:label1\" content=\"Geschatte leestijd\" \/>\n\t<meta name=\"twitter:data1\" content=\"3 minuten\" \/>\n<script type=\"application\/ld+json\" class=\"yoast-schema-graph\">{\"@context\":\"https:\/\/schema.org\",\"@graph\":[{\"@type\":\"WebPage\",\"@id\":\"https:\/\/challenge-almere.com\/nl\/races\/tritogether-middle-distance-relay\/\",\"url\":\"https:\/\/challenge-almere.com\/nl\/races\/tritogether-middle-distance-relay\/\",\"name\":\"TriTogether Middle Distance Relay - Challenge Almere-Amsterdam\",\"isPartOf\":{\"@id\":\"https:\/\/challenge-almere.com\/#website\"},\"primaryImageOfPage\":{\"@id\":\"https:\/\/challenge-almere.com\/nl\/races\/tritogether-middle-distance-relay\/#primaryimage\"},\"image\":{\"@id\":\"https:\/\/challenge-almere.com\/nl\/races\/tritogether-middle-distance-relay\/#primaryimage\"},\"thumbnailUrl\":\"https:\/\/challenge-almere.com\/wp-content\/uploads\/sites\/52\/2025\/12\/zwemboei-kleinste.png\",\"datePublished\":\"2022-03-10T14:21:18+00:00\",\"dateModified\":\"2025-12-01T15:18:36+00:00\",\"breadcrumb\":{\"@id\":\"https:\/\/challenge-almere.com\/nl\/races\/tritogether-middle-distance-relay\/#breadcrumb\"},\"inLanguage\":\"nl-NL\",\"potentialAction\":[{\"@type\":\"ReadAction\",\"target\":[\"https:\/\/challenge-almere.com\/nl\/races\/tritogether-middle-distance-relay\/\"]}]},{\"@type\":\"ImageObject\",\"inLanguage\":\"nl-NL\",\"@id\":\"https:\/\/challenge-almere.com\/nl\/races\/tritogether-middle-distance-relay\/#primaryimage\",\"url\":\"https:\/\/challenge-almere.com\/wp-content\/uploads\/sites\/52\/2025\/12\/zwemboei-kleinste.png\",\"contentUrl\":\"https:\/\/challenge-almere.com\/wp-content\/uploads\/sites\/52\/2025\/12\/zwemboei-kleinste.png\"},{\"@type\":\"BreadcrumbList\",\"@id\":\"https:\/\/challenge-almere.com\/nl\/races\/tritogether-middle-distance-relay\/#breadcrumb\",\"itemListElement\":[{\"@type\":\"ListItem\",\"position\":1,\"name\":\"Home\",\"item\":\"https:\/\/challenge-almere.com\/nl\/\"},{\"@type\":\"ListItem\",\"position\":2,\"name\":\"Races\",\"item\":\"https:\/\/challenge-almere.com\/nl\/races\/\"},{\"@type\":\"ListItem\",\"position\":3,\"name\":\"TriTogether Middle Distance Relay\"}]},{\"@type\":\"WebSite\",\"@id\":\"https:\/\/challenge-almere.com\/#website\",\"url\":\"https:\/\/challenge-almere.com\/\",\"name\":\"Challenge Almere-Amsterdam\",\"description\":\"We are triathlon\",\"potentialAction\":[{\"@type\":\"SearchAction\",\"target\":{\"@type\":\"EntryPoint\",\"urlTemplate\":\"https:\/\/challenge-almere.com\/?s={search_term_string}\"},\"query-input\":{\"@type\":\"PropertyValueSpecification\",\"valueRequired\":true,\"valueName\":\"search_term_string\"}}],\"inLanguage\":\"nl-NL\"}]}<\/script>\n<!-- \/ Yoast SEO plugin. -->","yoast_head_json":{"title":"TriTogether Middle Distance Relay - Challenge Almere-Amsterdam","robots":{"index":"index","follow":"follow","max-snippet":"max-snippet:-1","max-image-preview":"max-image-preview:large","max-video-preview":"max-video-preview:-1"},"canonical":"https:\/\/challenge-almere.com\/nl\/races\/tritogether-middle-distance-relay\/","og_locale":"nl_NL","og_type":"article","og_title":"TriTogether Middle Distance Relay - Challenge Almere-Amsterdam","og_description":"[vc_row el_class=&#8221;time-schedule&#8221;][vc_column][vc_column_text css=&#8221;.vc_custom_1758008335754{margin-bottom: 0px !important;}&#8221;]Dit is jullie Challenge! Zwem 1.9 kilometer, fiets 94 kilometer en loop 21.1 kilometer door het open en vlakke landschap rondom Almere en de Flevolandse polder. De Middle Distance: op 12 september 2026 gaat het los! Ieder teamlid doet \u00e9\u00e9n onderdeel van de Middle Distance Triathlon: er is dus \u00e9\u00e9n zwemmer, [&hellip;]","og_url":"https:\/\/challenge-almere.com\/nl\/races\/tritogether-middle-distance-relay\/","og_site_name":"Challenge Almere-Amsterdam","article_modified_time":"2025-12-01T15:18:36+00:00","og_image":[{"url":"https:\/\/challenge-almere.com\/wp-content\/uploads\/sites\/52\/2025\/12\/zwemboei-kleinste.png","type":"","width":"","height":""}],"twitter_card":"summary_large_image","twitter_misc":{"Geschatte leestijd":"3 minuten"},"schema":{"@context":"https:\/\/schema.org","@graph":[{"@type":"WebPage","@id":"https:\/\/challenge-almere.com\/nl\/races\/tritogether-middle-distance-relay\/","url":"https:\/\/challenge-almere.com\/nl\/races\/tritogether-middle-distance-relay\/","name":"TriTogether Middle Distance Relay - Challenge Almere-Amsterdam","isPartOf":{"@id":"https:\/\/challenge-almere.com\/#website"},"primaryImageOfPage":{"@id":"https:\/\/challenge-almere.com\/nl\/races\/tritogether-middle-distance-relay\/#primaryimage"},"image":{"@id":"https:\/\/challenge-almere.com\/nl\/races\/tritogether-middle-distance-relay\/#primaryimage"},"thumbnailUrl":"https:\/\/challenge-almere.com\/wp-content\/uploads\/sites\/52\/2025\/12\/zwemboei-kleinste.png","datePublished":"2022-03-10T14:21:18+00:00","dateModified":"2025-12-01T15:18:36+00:00","breadcrumb":{"@id":"https:\/\/challenge-almere.com\/nl\/races\/tritogether-middle-distance-relay\/#breadcrumb"},"inLanguage":"nl-NL","potentialAction":[{"@type":"ReadAction","target":["https:\/\/challenge-almere.com\/nl\/races\/tritogether-middle-distance-relay\/"]}]},{"@type":"ImageObject","inLanguage":"nl-NL","@id":"https:\/\/challenge-almere.com\/nl\/races\/tritogether-middle-distance-relay\/#primaryimage","url":"https:\/\/challenge-almere.com\/wp-content\/uploads\/sites\/52\/2025\/12\/zwemboei-kleinste.png","contentUrl":"https:\/\/challenge-almere.com\/wp-content\/uploads\/sites\/52\/2025\/12\/zwemboei-kleinste.png"},{"@type":"BreadcrumbList","@id":"https:\/\/challenge-almere.com\/nl\/races\/tritogether-middle-distance-relay\/#breadcrumb","itemListElement":[{"@type":"ListItem","position":1,"name":"Home","item":"https:\/\/challenge-almere.com\/nl\/"},{"@type":"ListItem","position":2,"name":"Races","item":"https:\/\/challenge-almere.com\/nl\/races\/"},{"@type":"ListItem","position":3,"name":"TriTogether Middle Distance Relay"}]},{"@type":"WebSite","@id":"https:\/\/challenge-almere.com\/#website","url":"https:\/\/challenge-almere.com\/","name":"Challenge Almere-Amsterdam","description":"We are triathlon","potentialAction":[{"@type":"SearchAction","target":{"@type":"EntryPoint","urlTemplate":"https:\/\/challenge-almere.com\/?s={search_term_string}"},"query-input":{"@type":"PropertyValueSpecification","valueRequired":true,"valueName":"search_term_string"}}],"inLanguage":"nl-NL"}]}},"_links":{"self":[{"href":"https:\/\/challenge-almere.com\/nl\/wp-json\/wp\/v2\/pages\/19355"}],"collection":[{"href":"https:\/\/challenge-almere.com\/nl\/wp-json\/wp\/v2\/pages"}],"about":[{"href":"https:\/\/challenge-almere.com\/nl\/wp-json\/wp\/v2\/types\/page"}],"author":[{"embeddable":true,"href":"https:\/\/challenge-almere.com\/nl\/wp-json\/wp\/v2\/users\/2"}],"replies":[{"embeddable":true,"href":"https:\/\/challenge-almere.com\/nl\/wp-json\/wp\/v2\/comments?post=19355"}],"version-history":[{"count":28,"href":"https:\/\/challenge-almere.com\/nl\/wp-json\/wp\/v2\/pages\/19355\/revisions"}],"predecessor-version":[{"id":24532,"href":"https:\/\/challenge-almere.com\/nl\/wp-json\/wp\/v2\/pages\/19355\/revisions\/24532"}],"up":[{"embeddable":true,"href":"https:\/\/challenge-almere.com\/nl\/wp-json\/wp\/v2\/pages\/19339"}],"wp:attachment":[{"href":"https:\/\/challenge-almere.com\/nl\/wp-json\/wp\/v2\/media?parent=19355"}],"curies":[{"name":"wp","href":"https:\/\/api.w.org\/{rel}","templated":true}]}}