{"id":19309,"date":"2022-03-10T14:04:46","date_gmt":"2022-03-10T14:04:46","guid":{"rendered":"https:\/\/www.challenge-family.com\/almere\/?page_id=19309"},"modified":"2022-03-10T14:04:46","modified_gmt":"2022-03-10T14:04:46","slug":"partners","status":"publish","type":"page","link":"https:\/\/challenge-almere.com\/nl\/partners\/","title":{"rendered":"Partners"},"content":{"rendered":"<div class=\"wpb-content-wrapper\">[vc_row el_class=&#8221;time-schedule&#8221;][vc_column]<div id=\"logooos716\" class=\"logooos_container logooos_notready\"><div class=\"logooos logooos_list logooos_responsive logooos_border logooos_listborder logooos_no_radius effect1 \" data-itemsheightpercentage=\"0.75\" data-hovereffect=\"effect1\" data-hovereffectcolor=\"#DCDCDC\" data-bordercolor=\"#DCDCDC\"  ><div class=\"logooos_item\" data-id=\"25174\" data-title=\"CF-Race of the Year\" style=\"background-color:transparent; border-color:#DCDCDC\">\n\t\t\t\t\t\t<a href=\"https:\/\/challenge-almere.com\/news\/challenge-almere-amsterdam-named-best-race-with-prestigious-challenge-family-race-of-the-year-award\/\" target=\"_blank\"><img decoding=\"async\" src=\"https:\/\/challenge-almere.com\/wp-content\/uploads\/sites\/52\/2026\/02\/cf-race-of-the-year-800x800px-1.png\" title=\"\" style=\"max-width:70% !important; max-height:70% !important;\" alt=\"CF-Race of the Year\" \/><\/a><\/div><div class=\"logooos_textcontainer\" style=\"border-bottom-color:#DCDCDC; border-bottom-style:dashed; \">\n\t\t\t\t\t\t\t\t<div class=\"logooos_title\" style=\"color:#777777; font-size:15px; font-weight:bold; \">CF-Race of the Year<\/div>\n\t\t\t\t\t\t\t\t<div class=\"logooos_text\" style=\"color:#777777; font-size:12px; \"><div><\/div><a href=\"https:\/\/challenge-almere.com\/news\/challenge-almere-amsterdam-named-best-race-with-prestigious-challenge-family-race-of-the-year-award\/\" target=\"_blank\" data-id=\"25174\" class=\"logooos_morelink\" style=\"color:#999999\" >Read More<\/a>\t<\/div>\n\t\t\t\t\t\t\t<\/div><div class=\"logooos_item\" data-id=\"20584\" data-title=\"Powerbar\" style=\"background-color:transparent; border-color:#DCDCDC\">\n\t\t\t\t\t\t<a href=\"https:\/\/www.powerbar.eu\/en_INT\" target=\"_blank\"><img decoding=\"async\" src=\"https:\/\/challenge-almere.com\/wp-content\/uploads\/sites\/52\/2022\/08\/powerbar.png\" title=\"\" style=\"max-width:70% !important; max-height:70% !important;\" alt=\"Powerbar\" \/><\/a><\/div><div class=\"logooos_textcontainer\" style=\"border-bottom-color:#DCDCDC; border-bottom-style:dashed; \">\n\t\t\t\t\t\t\t\t<div class=\"logooos_title\" style=\"color:#777777; font-size:15px; font-weight:bold; \">Powerbar<\/div>\n\t\t\t\t\t\t\t\t<div class=\"logooos_text\" style=\"color:#777777; font-size:12px; \"><div>Official Nutrition partner: With delicious products, we support all performers who want to achieve more and are willing to cross their borders to do so. Be it competition, training or everyday life. Our products, which are manufactured in our own production locations or by selected European partners, provide the perfect balance of healthy, local and&hellip;<\/div><a href=\"https:\/\/www.powerbar.eu\/en_INT\" target=\"_blank\" data-id=\"20584\" class=\"logooos_morelink\" style=\"color:#999999\" >Read More<\/a>\t<\/div>\n\t\t\t\t\t\t\t<\/div><div class=\"logooos_item\" data-id=\"19515\" data-title=\"Almere City Marketing\" style=\"background-color:transparent; border-color:#DCDCDC\">\n\t\t\t\t\t\t<a href=\"https:\/\/www.almere-citymarketing.nl\/\" target=\"_blank\"><img decoding=\"async\" src=\"https:\/\/challenge-almere.com\/wp-content\/uploads\/sites\/52\/2022\/04\/logo-almere-city-marketing.png\" title=\"\" style=\"max-width:70% !important; max-height:70% !important;\" alt=\"Almere City Marketing\" \/><\/a><\/div><div class=\"logooos_textcontainer\" style=\"border-bottom-color:#DCDCDC; border-bottom-style:dashed; \">\n\t\t\t\t\t\t\t\t<div class=\"logooos_title\" style=\"color:#777777; font-size:15px; font-weight:bold; \">Almere City Marketing<\/div>\n\t\t\t\t\t\t\t\t<div class=\"logooos_text\" style=\"color:#777777; font-size:12px; \"><div>Almere City Marketing\u00a0wil Almere aantrekkelijker maken om te wonen, werken, studeren en bezoeken. Kerntaken: branding, evenementen, VVV en netwerkfunctie.<\/div><a href=\"https:\/\/www.almere-citymarketing.nl\/\" target=\"_blank\" data-id=\"19515\" class=\"logooos_morelink\" style=\"color:#999999\" >Read More<\/a>\t<\/div>\n\t\t\t\t\t\t\t<\/div><div class=\"logooos_item\" data-id=\"20724\" data-title=\"GPS Buddy\" style=\"background-color:transparent; border-color:#DCDCDC\">\n\t\t\t\t\t\t<a href=\"https:\/\/www.gps-buddy.com\/\" target=\"_blank\"><img decoding=\"async\" src=\"https:\/\/challenge-almere.com\/wp-content\/uploads\/sites\/52\/2022\/09\/gps-buddy_logo_payoff_cmyk.png\" title=\"\" style=\"max-width:70% !important; max-height:70% !important;\" alt=\"GPS Buddy\" \/><\/a><\/div><div class=\"logooos_textcontainer\" style=\"border-bottom-color:#DCDCDC; border-bottom-style:dashed; \">\n\t\t\t\t\t\t\t\t<div class=\"logooos_title\" style=\"color:#777777; font-size:15px; font-weight:bold; \">GPS Buddy<\/div>\n\t\t\t\t\t\t\t\t<div class=\"logooos_text\" style=\"color:#777777; font-size:12px; \"><div><\/div><a href=\"https:\/\/www.gps-buddy.com\/\" target=\"_blank\" data-id=\"20724\" class=\"logooos_morelink\" style=\"color:#999999\" >Read More<\/a>\t<\/div>\n\t\t\t\t\t\t\t<\/div><div class=\"logooos_item\" data-id=\"712\" data-title=\"Challenge Family\" style=\"background-color:transparent; border-color:#DCDCDC\">\n\t\t\t\t\t\t<a href=\"http:\/\/www.challenge-family.com\" target=\"_blank\"><img decoding=\"async\" src=\"https:\/\/challenge-almere.com\/wp-content\/uploads\/sites\/52\/2017\/12\/challengefamily_primarylogo_horizontal_rgb_onlight.jpg\" title=\"\" style=\"max-width:70% !important; max-height:70% !important;\" alt=\"Challenge Family\" \/><\/a><\/div><div class=\"logooos_textcontainer\" style=\"border-bottom-color:#DCDCDC; border-bottom-style:dashed; \">\n\t\t\t\t\t\t\t\t<div class=\"logooos_title\" style=\"color:#777777; font-size:15px; font-weight:bold; \">Challenge Family<\/div>\n\t\t\t\t\t\t\t\t<div class=\"logooos_text\" style=\"color:#777777; font-size:12px; \"><div>CHALLENGEFAMILY is the fastest growing global triathlon series. With 41 full and middle distances in 26 different countries, CHALLENGEFAMILY is changing the face of triathlon around the world. Due to spectacular courses in iconic destinations, no CHALLENGEFAMILY race is like another. Focusing on delivering the race of a lifetime to athletes of all ages.<\/div><a href=\"http:\/\/www.challenge-family.com\" target=\"_blank\" data-id=\"712\" class=\"logooos_morelink\" style=\"color:#999999\" >Read More<\/a>\t<\/div>\n\t\t\t\t\t\t\t<\/div><div class=\"logooos_item\" data-id=\"25190\" data-title=\"TP Productions\" style=\"background-color:transparent; border-color:#DCDCDC\">\n\t\t\t\t\t\t<a href=\"https:\/\/www.tpproductions.nl\/\" target=\"_blank\"><img decoding=\"async\" src=\"https:\/\/challenge-almere.com\/wp-content\/uploads\/sites\/52\/2026\/03\/logo-tp-productions.png\" title=\"\" style=\"max-width:70% !important; max-height:70% !important;\" alt=\"TP Productions\" \/><\/a><\/div><div class=\"logooos_textcontainer\" style=\"border-bottom-color:#DCDCDC; border-bottom-style:dashed; \">\n\t\t\t\t\t\t\t\t<div class=\"logooos_title\" style=\"color:#777777; font-size:15px; font-weight:bold; \">TP Productions<\/div>\n\t\t\t\t\t\t\t\t<div class=\"logooos_text\" style=\"color:#777777; font-size:12px; \"><div>TP Productions is jouw betrouwbare partner voor complete eventproducties. Of het nu gaat om een kleinschalige zakelijke bijeenkomst of een grootschalig festival: wij zorgen dat alles klopt. Van stroom en water tot podium, licht, geluid en special effects, wij leveren totaaloplossingen die jouw evenement naar een hoger niveau tillen.<\/div><a href=\"https:\/\/www.tpproductions.nl\/\" target=\"_blank\" data-id=\"25190\" class=\"logooos_morelink\" style=\"color:#999999\" >Read More<\/a>\t<\/div>\n\t\t\t\t\t\t\t<\/div><div class=\"logooos_item\" data-id=\"24089\" data-title=\"Erdinger Alkoholfrei\" style=\"background-color:transparent; border-color:#DCDCDC\">\n\t\t\t\t\t\t<a href=\"https:\/\/de.erdinger.de\/biere\/alkoholfrei.html\" target=\"_blank\"><img decoding=\"async\" src=\"https:\/\/challenge-almere.com\/wp-content\/uploads\/sites\/52\/2025\/07\/afb_schriftzug_integrierte_bildmarke_horizontal_4c_weis_auf_blau_presse_high.jpg\" title=\"\" style=\"max-width:70% !important; max-height:70% !important;\" alt=\"Erdinger Alkoholfrei\" \/><\/a><\/div><div class=\"logooos_textcontainer\" style=\"border-bottom-color:#DCDCDC; border-bottom-style:dashed; \">\n\t\t\t\t\t\t\t\t<div class=\"logooos_title\" style=\"color:#777777; font-size:15px; font-weight:bold; \">Erdinger Alkoholfrei<\/div>\n\t\t\t\t\t\t\t\t<div class=\"logooos_text\" style=\"color:#777777; font-size:12px; \"><div>Enjoy a refreshing Erdinger Alkoholfrei after your race - or, for spectators, come together with friends and family during the event with a tasty alcohol-free beer: thanks to a new partnership between Challenge Almere-Amsterdam and Erdinger Alkoholfrei, that\u2019s possible from this year on. And there\u2019s more to enjoy: thanks to the new Erdinger Stage, there&hellip;<\/div><a href=\"https:\/\/de.erdinger.de\/biere\/alkoholfrei.html\" target=\"_blank\" data-id=\"24089\" class=\"logooos_morelink\" style=\"color:#999999\" >Read More<\/a>\t<\/div>\n\t\t\t\t\t\t\t<\/div><div class=\"logooos_item\" data-id=\"22919\" data-title=\"C\u00e1domotus\" style=\"background-color:transparent; border-color:#DCDCDC\">\n\t\t\t\t\t\t<a  target=\"_blank\"><img decoding=\"async\" src=\"https:\/\/challenge-almere.com\/wp-content\/uploads\/sites\/52\/2024\/08\/cadomotus.png\" title=\"\" style=\"max-width:70% !important; max-height:70% !important;\" alt=\"C\u00e1domotus\" \/><\/a><\/div><div class=\"logooos_textcontainer\" style=\"border-bottom-color:#DCDCDC; border-bottom-style:dashed; \">\n\t\t\t\t\t\t\t\t<div class=\"logooos_title\" style=\"color:#777777; font-size:15px; font-weight:bold; \">C\u00e1domotus<\/div>\n\t\t\t\t\t\t\t\t<div class=\"logooos_text\" style=\"color:#777777; font-size:12px; \"><div>C\u00e1domotus, pronounce \u201cK\u00e4-d\u014d-M\u014d-t\u016ds\", our name refers to the 'falling motion of the body' and the name, like our company, represents our classical, science-based approach to the speed of intelligent motion. C\u00e1domotus rose to design engineering eminence as the pure speed skating company. The falling motion of the body is the essence of skating in its&hellip;<\/div>\t<\/div>\n\t\t\t\t\t\t\t<\/div><div class=\"logooos_item\" data-id=\"22870\" data-title=\"CADEX\" style=\"background-color:transparent; border-color:#DCDCDC\">\n\t\t\t\t\t\t<a href=\"https:\/\/www.cadex-cycling.com\/nl\" target=\"_blank\"><img decoding=\"async\" src=\"https:\/\/challenge-almere.com\/wp-content\/uploads\/sites\/52\/2024\/07\/cadex_logo_black_rgb.png\" title=\"\" style=\"max-width:70% !important; max-height:70% !important;\" alt=\"CADEX\" \/><\/a><\/div><div class=\"logooos_textcontainer\" style=\"border-bottom-color:#DCDCDC; border-bottom-style:dashed; \">\n\t\t\t\t\t\t\t\t<div class=\"logooos_title\" style=\"color:#777777; font-size:15px; font-weight:bold; \">CADEX<\/div>\n\t\t\t\t\t\t\t\t<div class=\"logooos_text\" style=\"color:#777777; font-size:12px; \"><div>TRI Bike en Wielen. Bij CADEX streven we naar topprestaties\u2014zowel in productontwikkeling als in sportieve prestaties. Dit doel wordt geleid door een overtuiging: EFFORT IN, SPEED OUT. Van onze toonaangevende ingenieurs tot onze wereldkampioen atleten en teams, het is een teamprestatie met een gedeelde missie.<\/div><a href=\"https:\/\/www.cadex-cycling.com\/nl\" target=\"_blank\" data-id=\"22870\" class=\"logooos_morelink\" style=\"color:#999999\" >Read More<\/a>\t<\/div>\n\t\t\t\t\t\t\t<\/div><div class=\"logooos_item\" data-id=\"23933\" data-title=\"Quintana Roo Swim\" style=\"background-color:transparent; border-color:#DCDCDC\">\n\t\t\t\t\t\t<a  target=\"_blank\"><img decoding=\"async\" src=\"https:\/\/challenge-almere.com\/wp-content\/uploads\/sites\/52\/2025\/06\/qr_combination_swim_red_square-web.png\" title=\"\" style=\"max-width:70% !important; max-height:70% !important;\" alt=\"Quintana Roo Swim\" \/><\/a><\/div><div class=\"logooos_textcontainer\" style=\"border-bottom-color:#DCDCDC; border-bottom-style:dashed; \">\n\t\t\t\t\t\t\t\t<div class=\"logooos_title\" style=\"color:#777777; font-size:15px; font-weight:bold; \">Quintana Roo Swim<\/div>\n\t\t\t\t\t\t\t\t<div class=\"logooos_text\" style=\"color:#777777; font-size:12px; \"><div>Official Swim Partner For decades, Quintana Roo has been the leader in performance triathlon swimming. Inventing the swim-specific triathlon wetsuit in 1987, Quintana Roo continues to lead the sport, creating the most innovative wetsuits and swimskins in multisport. With speed, fit and comfort central design elements, QR wetsuits allow triathletes to perform at their best&hellip;<\/div>\t<\/div>\n\t\t\t\t\t\t\t<\/div><div class=\"logooos_item\" data-id=\"19517\" data-title=\"Provincie Flevoland\" style=\"background-color:transparent; border-color:#DCDCDC\">\n\t\t\t\t\t\t<a href=\"https:\/\/www.visitflevoland.nl\/\" target=\"_blank\"><img decoding=\"async\" src=\"https:\/\/challenge-almere.com\/wp-content\/uploads\/sites\/52\/2022\/04\/logo-provincie-flevoland.png\" title=\"\" style=\"max-width:70% !important; max-height:70% !important;\" alt=\"Provincie Flevoland\" \/><\/a><\/div><div class=\"logooos_textcontainer\" style=\"border-bottom-color:#DCDCDC; border-bottom-style:dashed; \">\n\t\t\t\t\t\t\t\t<div class=\"logooos_title\" style=\"color:#777777; font-size:15px; font-weight:bold; \">Provincie Flevoland<\/div>\n\t\t\t\t\t\t\t\t<div class=\"logooos_text\" style=\"color:#777777; font-size:12px; \"><div>Flevoland telt verschillende attracties, pretparken en musea voor jong en oud. Van Walibi Holland tot het Aviodrome, van Bataviastad tot Batavialand en van\u00a0PIT Veiligheidsmuseum\u00a0tot de Orchidee\u00ebn Hoeve. En dat is nog lang niet alles.\u00a0Flevoland zal je nooit vervelen.<\/div><a href=\"https:\/\/www.visitflevoland.nl\/\" target=\"_blank\" data-id=\"19517\" class=\"logooos_morelink\" style=\"color:#999999\" >Read More<\/a>\t<\/div>\n\t\t\t\t\t\t\t<\/div><div class=\"logooos_item\" data-id=\"25179\" data-title=\"Ciovita\" style=\"background-color:transparent; border-color:#DCDCDC\">\n\t\t\t\t\t\t<a href=\"https:\/\/www.ciovita.com\/?srsltid=AfmBOorNorKjJIGeJjeW58_84WKA4Ow1toy4BMwCwMD-RMUGyUhCbz-V\" target=\"_blank\"><img decoding=\"async\" src=\"https:\/\/challenge-almere.com\/wp-content\/uploads\/sites\/52\/2026\/03\/ciovita_wordmark_black.png\" title=\"\" style=\"max-width:70% !important; max-height:70% !important;\" alt=\"Ciovita\" \/><\/a><\/div><div class=\"logooos_textcontainer\" style=\"border-bottom-color:#DCDCDC; border-bottom-style:dashed; \">\n\t\t\t\t\t\t\t\t<div class=\"logooos_title\" style=\"color:#777777; font-size:15px; font-weight:bold; \">Ciovita<\/div>\n\t\t\t\t\t\t\t\t<div class=\"logooos_text\" style=\"color:#777777; font-size:12px; \"><div>Official Merchandise partner: CIOVITA means \u201cLife in Motion\u201d and this mantra defines our approach to a sport that is always pushing itself to go faster and further. To stop moving is to fall behind. At the heart of our philosophy is a drive to push the boundaries - to innovate. To make those countless incremental&hellip;<\/div><a href=\"https:\/\/www.ciovita.com\/?srsltid=AfmBOorNorKjJIGeJjeW58_84WKA4Ow1toy4BMwCwMD-RMUGyUhCbz-V\" target=\"_blank\" data-id=\"25179\" class=\"logooos_morelink\" style=\"color:#999999\" >Read More<\/a>\t<\/div>\n\t\t\t\t\t\t\t<\/div><div class=\"logooos_item\" data-id=\"24031\" data-title=\"Medi-Mere\" style=\"background-color:transparent; border-color:#DCDCDC\">\n\t\t\t\t\t\t<a href=\"https:\/\/www.medi-mere.com\/home\" target=\"_blank\"><img decoding=\"async\" src=\"https:\/\/challenge-almere.com\/wp-content\/uploads\/sites\/52\/2025\/07\/medi-mere-logo-m.png\" title=\"\" style=\"max-width:70% !important; max-height:70% !important;\" alt=\"Medi-Mere\" \/><\/a><\/div><div class=\"logooos_textcontainer\" style=\"border-bottom-color:#DCDCDC; border-bottom-style:dashed; \">\n\t\t\t\t\t\t\t\t<div class=\"logooos_title\" style=\"color:#777777; font-size:15px; font-weight:bold; \">Medi-Mere<\/div>\n\t\t\t\t\t\t\t\t<div class=\"logooos_text\" style=\"color:#777777; font-size:12px; \"><div>Hoofdsponsor van de Medi-Mere Kidsrun. Huisarts in Almere nodig? Huisartsenpraktijk\u00a0Medi-Mere\u00a0is al jarenlang de vertrouwde huisarts in Almere Buiten, Stad, Poort en Haven.<\/div><a href=\"https:\/\/www.medi-mere.com\/home\" target=\"_blank\" data-id=\"24031\" class=\"logooos_morelink\" style=\"color:#999999\" >Read More<\/a>\t<\/div>\n\t\t\t\t\t\t\t<\/div><div class=\"logooos_item\" data-id=\"19512\" data-title=\"Rabobank\" style=\"background-color:transparent; border-color:#DCDCDC\">\n\t\t\t\t\t\t<a href=\"https:\/\/www.rabobank.nl\/\" target=\"_blank\"><img decoding=\"async\" src=\"https:\/\/challenge-almere.com\/wp-content\/uploads\/sites\/52\/2022\/04\/rabobank_logo_icon_169809.png\" title=\"\" style=\"max-width:95% !important; max-height:95% !important;\" alt=\"Rabobank\" \/><\/a><\/div><div class=\"logooos_textcontainer\" style=\"border-bottom-color:#DCDCDC; border-bottom-style:dashed; \">\n\t\t\t\t\t\t\t\t<div class=\"logooos_title\" style=\"color:#777777; font-size:15px; font-weight:bold; \">Rabobank<\/div>\n\t\t\t\t\t\t\t\t<div class=\"logooos_text\" style=\"color:#777777; font-size:12px; \"><div>Rabobank: At\u00a0Rabobank\u00a0you will find business products and advice that suit your company. We offer payment, savings, finance and insurance solutions for entrepreneurs.<\/div><a href=\"https:\/\/www.rabobank.nl\/\" target=\"_blank\" data-id=\"19512\" class=\"logooos_morelink\" style=\"color:#999999\" >Read More<\/a>\t<\/div>\n\t\t\t\t\t\t\t<\/div><div class=\"logooos_item\" data-id=\"20791\" data-title=\"Milieu Service Nederland\" style=\"background-color:transparent; border-color:#DCDCDC\">\n\t\t\t\t\t\t<a  target=\"_blank\"><img decoding=\"async\" src=\"https:\/\/challenge-almere.com\/wp-content\/uploads\/sites\/52\/2022\/09\/milieu-service-nederland-2-copy.png\" title=\"\" style=\"max-width:70% !important; max-height:70% !important;\" alt=\"Milieu Service Nederland\" \/><\/a><\/div><div class=\"logooos_textcontainer\" style=\"border-bottom-color:#DCDCDC; border-bottom-style:dashed; \">\n\t\t\t\t\t\t\t\t<div class=\"logooos_title\" style=\"color:#777777; font-size:15px; font-weight:bold; \">Milieu Service Nederland<\/div>\n\t\t\t\t\t\t\t\t<div class=\"logooos_text\" style=\"color:#777777; font-size:12px; \"><div>De\u00a0ondernemende\u00a0afvalpartner\u00a0voor zakelijk Nederland \u00a0Met vooruitstrevende oplossingen helpen wij jou verder op het gebied van afvalinzameling, zero waste en circulaire bedrijfsvoering. Met een ruim aanbod aan inzamelmiddelen, hebben wij voor ieder afvalvraagstuk en elke afvalstroom een passende oplossing. Door ons uitgebreide partnernetwerk kunnen wij jou altijd een duurzame \u00e9n betaalbare optie aanbieden die aansluit bij jouw&hellip;<\/div>\t<\/div>\n\t\t\t\t\t\t\t<\/div><div class=\"logooos_item\" data-id=\"19519\" data-title=\"Europe Triathlon\" style=\"background-color:transparent; border-color:#DCDCDC\">\n\t\t\t\t\t\t<a href=\"https:\/\/europe.triathlon.org\/\" target=\"_blank\"><img decoding=\"async\" src=\"https:\/\/challenge-almere.com\/wp-content\/uploads\/sites\/52\/2022\/04\/europe-triathlon-full-colour.png\" title=\"\" style=\"max-width:70% !important; max-height:70% !important;\" alt=\"Europe Triathlon\" \/><\/a><\/div><div class=\"logooos_textcontainer\" style=\"border-bottom-color:#DCDCDC; border-bottom-style:dashed; \">\n\t\t\t\t\t\t\t\t<div class=\"logooos_title\" style=\"color:#777777; font-size:15px; font-weight:bold; \">Europe Triathlon<\/div>\n\t\t\t\t\t\t\t\t<div class=\"logooos_text\" style=\"color:#777777; font-size:12px; \"><div>The\u00a0European Triathlon\u00a0Union (ETU) is the European governing body for the Olympic sport of Triathlon and all related multisport events<\/div><a href=\"https:\/\/europe.triathlon.org\/\" target=\"_blank\" data-id=\"19519\" class=\"logooos_morelink\" style=\"color:#999999\" >Read More<\/a>\t<\/div>\n\t\t\t\t\t\t\t<\/div><\/div><\/div>[\/vc_column][\/vc_row]\n<\/div>","protected":false},"excerpt":{"rendered":"<p>[vc_row el_class=&#8221;time-schedule&#8221;][vc_column][\/vc_column][\/vc_row]<\/p>\n","protected":false},"author":2,"featured_media":0,"parent":0,"menu_order":0,"comment_status":"closed","ping_status":"closed","template":"","meta":{"footnotes":""},"class_list":["post-19309","page","type-page","status-publish","hentry"],"yoast_head":"<!-- This site is optimized with the Yoast SEO plugin v25.6 - https:\/\/yoast.com\/wordpress\/plugins\/seo\/ -->\n<title>Partners - Challenge Almere-Amsterdam<\/title>\n<meta name=\"robots\" content=\"index, follow, max-snippet:-1, max-image-preview:large, max-video-preview:-1\" \/>\n<link rel=\"canonical\" href=\"https:\/\/challenge-almere.com\/partners\/\" \/>\n<meta property=\"og:locale\" content=\"nl_NL\" \/>\n<meta property=\"og:type\" content=\"article\" \/>\n<meta property=\"og:title\" content=\"Partners - Challenge Almere-Amsterdam\" \/>\n<meta property=\"og:description\" content=\"[vc_row el_class=&#8221;time-schedule&#8221;][vc_column][\/vc_column][\/vc_row]\" \/>\n<meta property=\"og:url\" content=\"https:\/\/challenge-almere.com\/partners\/\" \/>\n<meta property=\"og:site_name\" content=\"Challenge Almere-Amsterdam\" \/>\n<meta name=\"twitter:card\" content=\"summary_large_image\" \/>\n<script type=\"application\/ld+json\" class=\"yoast-schema-graph\">{\"@context\":\"https:\/\/schema.org\",\"@graph\":[{\"@type\":\"WebPage\",\"@id\":\"https:\/\/challenge-almere.com\/partners\/\",\"url\":\"https:\/\/challenge-almere.com\/partners\/\",\"name\":\"Partners - Challenge Almere-Amsterdam\",\"isPartOf\":{\"@id\":\"https:\/\/challenge-almere.com\/#website\"},\"datePublished\":\"2022-03-10T14:04:46+00:00\",\"breadcrumb\":{\"@id\":\"https:\/\/challenge-almere.com\/partners\/#breadcrumb\"},\"inLanguage\":\"nl-NL\",\"potentialAction\":[{\"@type\":\"ReadAction\",\"target\":[\"https:\/\/challenge-almere.com\/partners\/\"]}]},{\"@type\":\"BreadcrumbList\",\"@id\":\"https:\/\/challenge-almere.com\/partners\/#breadcrumb\",\"itemListElement\":[{\"@type\":\"ListItem\",\"position\":1,\"name\":\"Home\",\"item\":\"https:\/\/challenge-almere.com\/nl\/\"},{\"@type\":\"ListItem\",\"position\":2,\"name\":\"Partners\"}]},{\"@type\":\"WebSite\",\"@id\":\"https:\/\/challenge-almere.com\/#website\",\"url\":\"https:\/\/challenge-almere.com\/\",\"name\":\"Challenge Almere-Amsterdam\",\"description\":\"We are triathlon\",\"potentialAction\":[{\"@type\":\"SearchAction\",\"target\":{\"@type\":\"EntryPoint\",\"urlTemplate\":\"https:\/\/challenge-almere.com\/?s={search_term_string}\"},\"query-input\":{\"@type\":\"PropertyValueSpecification\",\"valueRequired\":true,\"valueName\":\"search_term_string\"}}],\"inLanguage\":\"nl-NL\"}]}<\/script>\n<!-- \/ Yoast SEO plugin. -->","yoast_head_json":{"title":"Partners - Challenge Almere-Amsterdam","robots":{"index":"index","follow":"follow","max-snippet":"max-snippet:-1","max-image-preview":"max-image-preview:large","max-video-preview":"max-video-preview:-1"},"canonical":"https:\/\/challenge-almere.com\/partners\/","og_locale":"nl_NL","og_type":"article","og_title":"Partners - Challenge Almere-Amsterdam","og_description":"[vc_row el_class=&#8221;time-schedule&#8221;][vc_column][\/vc_column][\/vc_row]","og_url":"https:\/\/challenge-almere.com\/partners\/","og_site_name":"Challenge Almere-Amsterdam","twitter_card":"summary_large_image","schema":{"@context":"https:\/\/schema.org","@graph":[{"@type":"WebPage","@id":"https:\/\/challenge-almere.com\/partners\/","url":"https:\/\/challenge-almere.com\/partners\/","name":"Partners - Challenge Almere-Amsterdam","isPartOf":{"@id":"https:\/\/challenge-almere.com\/#website"},"datePublished":"2022-03-10T14:04:46+00:00","breadcrumb":{"@id":"https:\/\/challenge-almere.com\/partners\/#breadcrumb"},"inLanguage":"nl-NL","potentialAction":[{"@type":"ReadAction","target":["https:\/\/challenge-almere.com\/partners\/"]}]},{"@type":"BreadcrumbList","@id":"https:\/\/challenge-almere.com\/partners\/#breadcrumb","itemListElement":[{"@type":"ListItem","position":1,"name":"Home","item":"https:\/\/challenge-almere.com\/nl\/"},{"@type":"ListItem","position":2,"name":"Partners"}]},{"@type":"WebSite","@id":"https:\/\/challenge-almere.com\/#website","url":"https:\/\/challenge-almere.com\/","name":"Challenge Almere-Amsterdam","description":"We are triathlon","potentialAction":[{"@type":"SearchAction","target":{"@type":"EntryPoint","urlTemplate":"https:\/\/challenge-almere.com\/?s={search_term_string}"},"query-input":{"@type":"PropertyValueSpecification","valueRequired":true,"valueName":"search_term_string"}}],"inLanguage":"nl-NL"}]}},"_links":{"self":[{"href":"https:\/\/challenge-almere.com\/nl\/wp-json\/wp\/v2\/pages\/19309"}],"collection":[{"href":"https:\/\/challenge-almere.com\/nl\/wp-json\/wp\/v2\/pages"}],"about":[{"href":"https:\/\/challenge-almere.com\/nl\/wp-json\/wp\/v2\/types\/page"}],"author":[{"embeddable":true,"href":"https:\/\/challenge-almere.com\/nl\/wp-json\/wp\/v2\/users\/2"}],"replies":[{"embeddable":true,"href":"https:\/\/challenge-almere.com\/nl\/wp-json\/wp\/v2\/comments?post=19309"}],"version-history":[{"count":1,"href":"https:\/\/challenge-almere.com\/nl\/wp-json\/wp\/v2\/pages\/19309\/revisions"}],"predecessor-version":[{"id":19310,"href":"https:\/\/challenge-almere.com\/nl\/wp-json\/wp\/v2\/pages\/19309\/revisions\/19310"}],"wp:attachment":[{"href":"https:\/\/challenge-almere.com\/nl\/wp-json\/wp\/v2\/media?parent=19309"}],"curies":[{"name":"wp","href":"https:\/\/api.w.org\/{rel}","templated":true}]}}